{"id":58,"date":"2015-01-27T18:01:11","date_gmt":"2015-01-27T17:01:11","guid":{"rendered":"http:\/\/nowawies.net.pl\/?page_id=58"},"modified":"2018-03-30T18:00:07","modified_gmt":"2018-03-30T16:00:07","slug":"informacje","status":"publish","type":"page","link":"http:\/\/nowawies.net.pl\/?page_id=58","title":{"rendered":"Wykaz lekarzy weterynarii"},"content":{"rendered":"<h4>Wykaz lekarzy weterynarii wyznaczonych do badania zwierz\u0105t rze\u017anych i mi\u0119sa.<\/h4>\n<p><a href=\"http:\/\/nowawies.net.pl\/?attachment_id=358\" rel=\"attachment wp-att-358\"><img decoding=\"async\" loading=\"lazy\" class=\"aligncenter wp-image-358 size-medium\" src=\"http:\/\/nowawies.net.pl\/wp-content\/uploads\/2018\/03\/badanie_miesa_2018-205x300.jpg\" alt=\"\" width=\"205\" height=\"300\" srcset=\"http:\/\/nowawies.net.pl\/wp-content\/uploads\/2018\/03\/badanie_miesa_2018-205x300.jpg 205w, http:\/\/nowawies.net.pl\/wp-content\/uploads\/2018\/03\/badanie_miesa_2018-768x1124.jpg 768w, http:\/\/nowawies.net.pl\/wp-content\/uploads\/2018\/03\/badanie_miesa_2018-700x1024.jpg 700w, http:\/\/nowawies.net.pl\/wp-content\/uploads\/2018\/03\/badanie_miesa_2018.jpg 1559w\" sizes=\"(max-width: 205px) 100vw, 205px\" \/><\/a><\/p>\n","protected":false},"excerpt":{"rendered":"<p>Wykaz lekarzy weterynarii wyznaczonych do badania zwierz\u0105t rze\u017anych i mi\u0119sa.<\/p>\n","protected":false},"author":1,"featured_media":0,"parent":0,"menu_order":0,"comment_status":"closed","ping_status":"closed","template":"","meta":{"_links_to":"","_links_to_target":""},"_links":{"self":[{"href":"http:\/\/nowawies.net.pl\/index.php?rest_route=\/wp\/v2\/pages\/58"}],"collection":[{"href":"http:\/\/nowawies.net.pl\/index.php?rest_route=\/wp\/v2\/pages"}],"about":[{"href":"http:\/\/nowawies.net.pl\/index.php?rest_route=\/wp\/v2\/types\/page"}],"author":[{"embeddable":true,"href":"http:\/\/nowawies.net.pl\/index.php?rest_route=\/wp\/v2\/users\/1"}],"replies":[{"embeddable":true,"href":"http:\/\/nowawies.net.pl\/index.php?rest_route=%2Fwp%2Fv2%2Fcomments&post=58"}],"version-history":[{"count":10,"href":"http:\/\/nowawies.net.pl\/index.php?rest_route=\/wp\/v2\/pages\/58\/revisions"}],"predecessor-version":[{"id":359,"href":"http:\/\/nowawies.net.pl\/index.php?rest_route=\/wp\/v2\/pages\/58\/revisions\/359"}],"wp:attachment":[{"href":"http:\/\/nowawies.net.pl\/index.php?rest_route=%2Fwp%2Fv2%2Fmedia&parent=58"}],"curies":[{"name":"wp","href":"https:\/\/api.w.org\/{rel}","templated":true}]}}